{"id":520,"date":"2026-02-22T20:03:38","date_gmt":"2026-02-22T20:03:38","guid":{"rendered":"https:\/\/aelys-digital.fr\/?page_id=520"},"modified":"2026-02-22T20:39:23","modified_gmt":"2026-02-22T20:39:23","slug":"mentions-legales","status":"publish","type":"page","link":"https:\/\/aelys-digital.fr\/index.php\/mentions-legales\/","title":{"rendered":"Mentions l\u00e9gales"},"content":{"rendered":"\n<h2 class=\"wp-block-heading has-text-align-center has-accent-1-color has-text-color has-link-color wp-elements-327301895cf1fc1d599db95741a32651\">Mentions l\u00e9gales &#8211; Aelys-digital<\/h2>\n\n\n\n<div class=\"wp-block-group is-vertical is-layout-flex wp-container-core-group-is-layout-fe9cc265 wp-block-group-is-layout-flex\">\n<h3 class=\"wp-block-heading has-contrast-color has-text-color has-link-color wp-elements-b61b393052d3a80c6f3e829e9663e0c5\" style=\"font-size:clamp(1.039rem, 1.039rem + ((1vw - 0.2rem) * 1.02), 1.6rem);text-decoration:underline\">Propri\u00e9taire du site<\/h3>\n\n\n\n<p>Christelle&nbsp;ROZAN<br>Micro\u2011entreprise : Aelys\u2011Digital<br>Adresse : 20 rue des foss\u00e9s 89430 MELISEY<br>Email : contact@aelys-digital.fr<br>SIRET : [Ton num\u00e9ro SIRET]<br>Directrice de la publication : Christelle&nbsp;ROZAN<\/p>\n<\/div>\n\n\n\n<div class=\"wp-block-group is-vertical is-layout-flex wp-container-core-group-is-layout-fe9cc265 wp-block-group-is-layout-flex\">\n<h3 class=\"wp-block-heading\" style=\"font-size:clamp(1.039rem, 1.039rem + ((1vw - 0.2rem) * 1.02), 1.6rem);text-decoration:underline\">H\u00e9bergement du site<\/h3>\n\n\n\n<p>Le site est h\u00e9berg\u00e9 par : OVH Cloud<br>Adresse : OVH SAS, 2 rue Kellermann, 59100 Roubaix, France<br>Site web : <a href=\"https:\/\/www.ovh.com\" target=\"_blank\" rel=\"noopener\">https:\/\/www.ovh.com<\/a><\/p>\n\n\n\n<h3 class=\"wp-block-heading\" style=\"font-size:clamp(1.039rem, 1.039rem + ((1vw - 0.2rem) * 1.02), 1.6rem);text-decoration:underline\">Propri\u00e9t\u00e9 intellectuelle<\/h3>\n\n\n\n<p>L\u2019ensemble du contenu pr\u00e9sent sur ce site (textes, images, graphismes, logo, \u00e9l\u00e9ments visuels\u2026) est prot\u00e9g\u00e9 par le droit d\u2019auteur.<br>Toute reproduction, repr\u00e9sentation, modification ou diffusion, totale ou partielle, est interdite sans autorisation pr\u00e9alable.<\/p>\n\n\n\n<h2 class=\"wp-block-heading\" style=\"font-size:clamp(1.039rem, 1.039rem + ((1vw - 0.2rem) * 1.02), 1.6rem);text-decoration:underline\">Responsabilit\u00e9<\/h2>\n\n\n\n<p>Aelys\u2011Digital s\u2019efforce de fournir des informations fiables et mises \u00e0 jour.<br>Cependant, des erreurs ou omissions peuvent survenir.<br>L\u2019utilisateur reconna\u00eet utiliser les informations du site sous sa seule responsabilit\u00e9.<\/p>\n\n\n\n<h3 class=\"wp-block-heading\" style=\"font-size:clamp(1.039rem, 1.039rem + ((1vw - 0.2rem) * 1.02), 1.6rem);text-decoration:underline\">Donn\u00e9es personnelles<\/h3>\n\n\n\n<p>Aelys\u2011Digital peut \u00eatre amen\u00e9 \u00e0 collecter des donn\u00e9es personnelles via les formulaires pr\u00e9sents sur le site.<br>Pour plus d\u2019informations sur la collecte, l\u2019utilisation et la protection de vos donn\u00e9es, veuillez consulter la <a href=\"https:\/\/aelys-digital.fr\/index.php\/sample-page\/\" data-type=\"page\" data-id=\"2\">Politique de confidentialit\u00e9<\/a>.<\/p>\n<\/div>\n","protected":false},"excerpt":{"rendered":"<p>Mentions l\u00e9gales &#8211; Aelys-digital Propri\u00e9taire du site Christelle&nbsp;ROZANMicro\u2011entreprise : Aelys\u2011DigitalAdresse : 20 rue des foss\u00e9s 89430 MELISEYEmail : contact@aelys-digital.frSIRET : [Ton num\u00e9ro SIRET]Directrice de la publication : Christelle&nbsp;ROZAN H\u00e9bergement du site Le site est h\u00e9berg\u00e9 par : OVH CloudAdresse : OVH SAS, 2 rue Kellermann, 59100 Roubaix, FranceSite web : https:\/\/www.ovh.com Propri\u00e9t\u00e9 intellectuelle L\u2019ensemble du [&hellip;]<\/p>\n","protected":false},"author":1,"featured_media":0,"parent":0,"menu_order":0,"comment_status":"closed","ping_status":"closed","template":"","meta":{"footnotes":""},"class_list":["post-520","page","type-page","status-publish","hentry"],"_links":{"self":[{"href":"https:\/\/aelys-digital.fr\/index.php\/wp-json\/wp\/v2\/pages\/520","targetHints":{"allow":["GET"]}}],"collection":[{"href":"https:\/\/aelys-digital.fr\/index.php\/wp-json\/wp\/v2\/pages"}],"about":[{"href":"https:\/\/aelys-digital.fr\/index.php\/wp-json\/wp\/v2\/types\/page"}],"author":[{"embeddable":true,"href":"https:\/\/aelys-digital.fr\/index.php\/wp-json\/wp\/v2\/users\/1"}],"replies":[{"embeddable":true,"href":"https:\/\/aelys-digital.fr\/index.php\/wp-json\/wp\/v2\/comments?post=520"}],"version-history":[{"count":4,"href":"https:\/\/aelys-digital.fr\/index.php\/wp-json\/wp\/v2\/pages\/520\/revisions"}],"predecessor-version":[{"id":533,"href":"https:\/\/aelys-digital.fr\/index.php\/wp-json\/wp\/v2\/pages\/520\/revisions\/533"}],"wp:attachment":[{"href":"https:\/\/aelys-digital.fr\/index.php\/wp-json\/wp\/v2\/media?parent=520"}],"curies":[{"name":"wp","href":"https:\/\/api.w.org\/{rel}","templated":true}]}}